{"id":17,"date":"2018-04-05T18:17:35","date_gmt":"2018-04-05T16:17:35","guid":{"rendered":"http:\/\/www.demofotografie.de\/?page_id=17"},"modified":"2020-01-09T08:15:28","modified_gmt":"2020-01-09T07:15:28","slug":"impressum","status":"publish","type":"page","link":"https:\/\/www.demofotografie.de\/?page_id=17","title":{"rendered":"Impressum"},"content":{"rendered":"<p>Dieser&nbsp;Fotografie-Blog wird gestaltet und betreut von:<\/p>\n<p>Sven Philipp Adlhoch<\/p>\n<p>c\/o Piratenpartei Deutschland, Kreisverband M\u00fcnchen<br \/>\nSchopenhauerstra\u00dfe 71<br \/>\n80807 M\u00fcnchen<\/p>\n<p><span dir=\"ltr\"><em><br \/>\neMail&nbsp;<\/em><\/span><span dir=\"ltr\"><em><a href=\"mailto:s.adlhoch@demofotografie.de\">s.adlhoch@demofotografie.de<\/a><\/em><\/span><\/p>\n","protected":false},"excerpt":{"rendered":"<p>Dieser&nbsp;Fotografie-Blog wird gestaltet und betreut von: Sven Philipp Adlhoch c\/o Piratenpartei Deutschland, Kreisverband M\u00fcnchen Schopenhauerstra\u00dfe 71 80807 M\u00fcnchen eMail&nbsp;s.adlhoch@demofotografie.de<\/p>\n","protected":false},"author":1,"featured_media":0,"parent":0,"menu_order":0,"comment_status":"closed","ping_status":"closed","template":"","meta":{"footnotes":""},"_links":{"self":[{"href":"https:\/\/www.demofotografie.de\/index.php?rest_route=\/wp\/v2\/pages\/17"}],"collection":[{"href":"https:\/\/www.demofotografie.de\/index.php?rest_route=\/wp\/v2\/pages"}],"about":[{"href":"https:\/\/www.demofotografie.de\/index.php?rest_route=\/wp\/v2\/types\/page"}],"author":[{"embeddable":true,"href":"https:\/\/www.demofotografie.de\/index.php?rest_route=\/wp\/v2\/users\/1"}],"replies":[{"embeddable":true,"href":"https:\/\/www.demofotografie.de\/index.php?rest_route=%2Fwp%2Fv2%2Fcomments&post=17"}],"version-history":[{"count":13,"href":"https:\/\/www.demofotografie.de\/index.php?rest_route=\/wp\/v2\/pages\/17\/revisions"}],"predecessor-version":[{"id":285,"href":"https:\/\/www.demofotografie.de\/index.php?rest_route=\/wp\/v2\/pages\/17\/revisions\/285"}],"wp:attachment":[{"href":"https:\/\/www.demofotografie.de\/index.php?rest_route=%2Fwp%2Fv2%2Fmedia&parent=17"}],"curies":[{"name":"wp","href":"https:\/\/api.w.org\/{rel}","templated":true}]}}